{"id":1143,"date":"2020-11-25T22:21:24","date_gmt":"2020-11-26T01:21:24","guid":{"rendered":"https:\/\/ecch-bue.infd.edu.ar\/sitio\/?page_id=1143"},"modified":"2025-11-03T16:54:21","modified_gmt":"2025-11-03T19:54:21","slug":"carreras","status":"publish","type":"page","link":"https:\/\/ecch-bue.infd.edu.ar\/sitio\/carreras\/","title":{"rendered":"Carreras"},"content":{"rendered":"\n<p>&#x1f393;<strong> Este a\u00f1o, por primera vez, las preinscripciones al ciclo lectivo 2026 de la Escuela de Cer\u00e1mica de Chascom\u00fas se realizar\u00e1n de forma online, a trav\u00e9s del nuevo sistema SIU Guaran\u00ed.<br><\/strong><\/p>\n\n\n\n<p>&#x1f4a1;<strong> \u00bfQu\u00e9 es el SIU Guaran\u00ed?<br>Es una plataforma digital del Ecosistema Acad\u00e9mico SIU, utilizada por universidades y ahora tambi\u00e9n por institutos de formaci\u00f3n superior de la provincia de Buenos Aires.<\/strong><\/p>\n\n\n\n<p>&#x1f538;<strong> Permite gestionar en l\u00ednea todos los procesos acad\u00e9micos:<br><\/strong>&#x27a1;&#xfe0f;<strong> Inscripciones<br><\/strong>&#x27a1;&#xfe0f;<strong> Cursadas y materias<br><\/strong>&#x27a1;&#xfe0f;<strong> Ex\u00e1menes<br><\/strong>&#x27a1;&#xfe0f;<strong> Certificados<br><\/strong>&#x27a1;&#xfe0f;<strong> Trayectoria acad\u00e9mica<\/strong><\/p>\n\n\n\n<p>&#x1f538;<strong> Adem\u00e1s, se integra con plataformas de educaci\u00f3n a distancia, becas y encuestas.<br><\/strong><\/p>\n\n\n\n<p>&#x1f4cd;<strong>La Escuela de Cer\u00e1mica de Chascom\u00fas forma parte de las primeras 60 instituciones en implementarlo.<br><\/strong><\/p>\n\n\n\n<p>&#x1f5d3;&#xfe0f;<strong> Fechas importantes para el Ingreso 2026<\/strong><\/p>\n\n\n\n<p>&#x1f393;<strong> Tecnicaturas<br><\/strong>&#x1f4c5;<strong> Apertura: 3 de noviembre<\/strong><\/p>\n\n\n\n<p>&#x1f3a8;<strong> Profesorados<br><\/strong>&#x1f4c5;<strong> Apertura: 7 de noviembre<br><\/strong><\/p>\n\n\n\n<p>&#x1f310;<strong> La preinscripci\u00f3n se realizar\u00e1 exclusivamente por el portal del SIU Guaran\u00ed, al que podr\u00e1s acceder desde nuestra bio o copiando y pegando en el navegador el siguiente link: <\/strong><a href=\"https:\/\/preinscripcion.guaranipba.siu.edu.ar\/\" target=\"_blank\" rel=\"noreferrer noopener\">https:\/\/preinscripcion.guaranipba.siu.edu.ar\/<strong><br><\/strong><\/a><\/p>\n\n\n\n<p>&#x26a0;&#xfe0f;<strong>Esta modalidad es para ingresantes a los primeros a\u00f1o de las Carrera <\/strong>&#x26a0;&#xfe0f;<\/p>\n\n\n\n<p>&#x1f449;<strong> Este nuevo sistema forma parte del Ecosistema Acad\u00e9mico SIU impulsado por la Direcci\u00f3n General de Cultura y Educaci\u00f3n (DGCyE) de la Provincia de Buenos Aires.<\/strong><\/p>\n\n\n\n<p>&#x1f469;&#x1f3fc;&#x200d;&#x1f4bb;<strong>Tutorial paso a paso para realizar la preinscripci\u00f3n <\/strong>&#x1f9d1;&#x1f3fb;&#x200d;&#x1f4bb;<\/p>\n\n\n\n<figure class=\"wp-block-embed is-type-video is-provider-youtube wp-block-embed-youtube wp-embed-aspect-16-9 wp-has-aspect-ratio\"><div class=\"wp-block-embed__wrapper\">\n<iframe loading=\"lazy\" title=\"Tutorial de preinscripciones al Nivel Superior de la educaci\u00f3n bonaerense\" width=\"1200\" height=\"675\" src=\"https:\/\/www.youtube.com\/embed\/1sd8rDHb0nk?feature=oembed\" frameborder=\"0\" allow=\"accelerometer; autoplay; clipboard-write; encrypted-media; gyroscope; picture-in-picture; web-share\" referrerpolicy=\"strict-origin-when-cross-origin\" allowfullscreen><\/iframe>\n<\/div><\/figure>\n\n\n\n<figure class=\"wp-block-gallery has-nested-images columns-default is-cropped wp-block-gallery-1 is-layout-flex\">\n<figure class=\"wp-block-image size-large\"><img decoding=\"async\" loading=\"lazy\" width=\"1069\" height=\"1900\" data-id=\"2206\"  src=\"https:\/\/ecch-bue.infd.edu.ar\/sitio\/wp-content\/uploads\/2024\/12\/Historias_Mesa-de-trabajo-1-1-1069x1900.png\" alt=\"\" class=\"wp-image-2206\" srcset=\"https:\/\/ecch-bue.infd.edu.ar\/sitio\/wp-content\/uploads\/2024\/12\/Historias_Mesa-de-trabajo-1-1-1069x1900.png 1069w, https:\/\/ecch-bue.infd.edu.ar\/sitio\/wp-content\/uploads\/2024\/12\/Historias_Mesa-de-trabajo-1-1-563x1000.png 563w, https:\/\/ecch-bue.infd.edu.ar\/sitio\/wp-content\/uploads\/2024\/12\/Historias_Mesa-de-trabajo-1-1-768x1365.png 768w, https:\/\/ecch-bue.infd.edu.ar\/sitio\/wp-content\/uploads\/2024\/12\/Historias_Mesa-de-trabajo-1-1-864x1536.png 864w, https:\/\/ecch-bue.infd.edu.ar\/sitio\/wp-content\/uploads\/2024\/12\/Historias_Mesa-de-trabajo-1-1-1152x2048.png 1152w\" sizes=\"(max-width: 1069px) 100vw, 1069px\" \/><\/figure>\n\n\n\n<figure class=\"wp-block-image size-large\"><img decoding=\"async\" loading=\"lazy\" width=\"1069\" height=\"1900\" data-id=\"2207\"  src=\"https:\/\/ecch-bue.infd.edu.ar\/sitio\/wp-content\/uploads\/2024\/12\/Historias-02-2-1069x1900.png\" alt=\"\" class=\"wp-image-2207\" srcset=\"https:\/\/ecch-bue.infd.edu.ar\/sitio\/wp-content\/uploads\/2024\/12\/Historias-02-2-1069x1900.png 1069w, https:\/\/ecch-bue.infd.edu.ar\/sitio\/wp-content\/uploads\/2024\/12\/Historias-02-2-563x1000.png 563w, https:\/\/ecch-bue.infd.edu.ar\/sitio\/wp-content\/uploads\/2024\/12\/Historias-02-2-768x1365.png 768w, https:\/\/ecch-bue.infd.edu.ar\/sitio\/wp-content\/uploads\/2024\/12\/Historias-02-2-864x1536.png 864w, https:\/\/ecch-bue.infd.edu.ar\/sitio\/wp-content\/uploads\/2024\/12\/Historias-02-2-1152x2048.png 1152w\" sizes=\"(max-width: 1069px) 100vw, 1069px\" \/><\/figure>\n\n\n\n<figure class=\"wp-block-image size-large\"><img decoding=\"async\" loading=\"lazy\" width=\"1069\" height=\"1900\" data-id=\"2201\"  src=\"https:\/\/ecch-bue.infd.edu.ar\/sitio\/wp-content\/uploads\/2024\/12\/Historias-03-1-1069x1900.png\" alt=\"\" class=\"wp-image-2201\" srcset=\"https:\/\/ecch-bue.infd.edu.ar\/sitio\/wp-content\/uploads\/2024\/12\/Historias-03-1-1069x1900.png 1069w, https:\/\/ecch-bue.infd.edu.ar\/sitio\/wp-content\/uploads\/2024\/12\/Historias-03-1-563x1000.png 563w, https:\/\/ecch-bue.infd.edu.ar\/sitio\/wp-content\/uploads\/2024\/12\/Historias-03-1-768x1365.png 768w, https:\/\/ecch-bue.infd.edu.ar\/sitio\/wp-content\/uploads\/2024\/12\/Historias-03-1-864x1536.png 864w, https:\/\/ecch-bue.infd.edu.ar\/sitio\/wp-content\/uploads\/2024\/12\/Historias-03-1-1152x2048.png 1152w\" sizes=\"(max-width: 1069px) 100vw, 1069px\" \/><\/figure>\n\n\n\n<figure class=\"wp-block-image size-large\"><img decoding=\"async\" loading=\"lazy\" width=\"1069\" height=\"1900\" data-id=\"2204\"  src=\"https:\/\/ecch-bue.infd.edu.ar\/sitio\/wp-content\/uploads\/2024\/12\/Historias-04-1-1069x1900.png\" alt=\"\" class=\"wp-image-2204\" srcset=\"https:\/\/ecch-bue.infd.edu.ar\/sitio\/wp-content\/uploads\/2024\/12\/Historias-04-1-1069x1900.png 1069w, https:\/\/ecch-bue.infd.edu.ar\/sitio\/wp-content\/uploads\/2024\/12\/Historias-04-1-563x1000.png 563w, https:\/\/ecch-bue.infd.edu.ar\/sitio\/wp-content\/uploads\/2024\/12\/Historias-04-1-768x1365.png 768w, https:\/\/ecch-bue.infd.edu.ar\/sitio\/wp-content\/uploads\/2024\/12\/Historias-04-1-864x1536.png 864w, https:\/\/ecch-bue.infd.edu.ar\/sitio\/wp-content\/uploads\/2024\/12\/Historias-04-1-1152x2048.png 1152w\" sizes=\"(max-width: 1069px) 100vw, 1069px\" \/><\/figure>\n\n\n\n<figure class=\"wp-block-image size-large\"><img decoding=\"async\" loading=\"lazy\" width=\"1069\" height=\"1900\" data-id=\"2202\"  src=\"https:\/\/ecch-bue.infd.edu.ar\/sitio\/wp-content\/uploads\/2024\/12\/Historias-05-1-1069x1900.png\" alt=\"\" class=\"wp-image-2202\" srcset=\"https:\/\/ecch-bue.infd.edu.ar\/sitio\/wp-content\/uploads\/2024\/12\/Historias-05-1-1069x1900.png 1069w, https:\/\/ecch-bue.infd.edu.ar\/sitio\/wp-content\/uploads\/2024\/12\/Historias-05-1-563x1000.png 563w, https:\/\/ecch-bue.infd.edu.ar\/sitio\/wp-content\/uploads\/2024\/12\/Historias-05-1-768x1365.png 768w, https:\/\/ecch-bue.infd.edu.ar\/sitio\/wp-content\/uploads\/2024\/12\/Historias-05-1-864x1536.png 864w, https:\/\/ecch-bue.infd.edu.ar\/sitio\/wp-content\/uploads\/2024\/12\/Historias-05-1-1152x2048.png 1152w\" sizes=\"(max-width: 1069px) 100vw, 1069px\" \/><\/figure>\n\n\n\n<figure class=\"wp-block-image size-large\"><img decoding=\"async\" loading=\"lazy\" width=\"1069\" height=\"1900\" data-id=\"2203\"  src=\"https:\/\/ecch-bue.infd.edu.ar\/sitio\/wp-content\/uploads\/2024\/12\/Historias-06-1-1069x1900.png\" alt=\"\" class=\"wp-image-2203\" srcset=\"https:\/\/ecch-bue.infd.edu.ar\/sitio\/wp-content\/uploads\/2024\/12\/Historias-06-1-1069x1900.png 1069w, https:\/\/ecch-bue.infd.edu.ar\/sitio\/wp-content\/uploads\/2024\/12\/Historias-06-1-563x1000.png 563w, https:\/\/ecch-bue.infd.edu.ar\/sitio\/wp-content\/uploads\/2024\/12\/Historias-06-1-768x1365.png 768w, https:\/\/ecch-bue.infd.edu.ar\/sitio\/wp-content\/uploads\/2024\/12\/Historias-06-1-864x1536.png 864w, https:\/\/ecch-bue.infd.edu.ar\/sitio\/wp-content\/uploads\/2024\/12\/Historias-06-1-1152x2048.png 1152w\" sizes=\"(max-width: 1069px) 100vw, 1069px\" \/><\/figure>\n<\/figure>\n","protected":false},"excerpt":{"rendered":"<p>&#x1f393; Este a\u00f1o, por primera vez, las preinscripciones al ciclo lectivo 2026 de la Escuela de Cer\u00e1mica de Chascom\u00fas se realizar\u00e1n de forma online, a trav\u00e9s del nuevo sistema SIU Guaran\u00ed. &#x1f4a1; \u00bfQu\u00e9 es el SIU Guaran\u00ed?Es una plataforma digital del Ecosistema Acad\u00e9mico SIU, utilizada por universidades y ahora tambi\u00e9n por institutos de formaci\u00f3n superior &#8230; <a title=\"Carreras\" class=\"read-more\" href=\"https:\/\/ecch-bue.infd.edu.ar\/sitio\/carreras\/\" aria-label=\"More on Carreras\">[+]<\/a><\/p>\n","protected":false},"author":47,"featured_media":0,"parent":0,"menu_order":0,"comment_status":"closed","ping_status":"closed","template":"","meta":[],"acf":[],"_links":{"self":[{"href":"https:\/\/ecch-bue.infd.edu.ar\/sitio\/wp-json\/wp\/v2\/pages\/1143"}],"collection":[{"href":"https:\/\/ecch-bue.infd.edu.ar\/sitio\/wp-json\/wp\/v2\/pages"}],"about":[{"href":"https:\/\/ecch-bue.infd.edu.ar\/sitio\/wp-json\/wp\/v2\/types\/page"}],"author":[{"embeddable":true,"href":"https:\/\/ecch-bue.infd.edu.ar\/sitio\/wp-json\/wp\/v2\/users\/47"}],"replies":[{"embeddable":true,"href":"https:\/\/ecch-bue.infd.edu.ar\/sitio\/wp-json\/wp\/v2\/comments?post=1143"}],"version-history":[{"count":20,"href":"https:\/\/ecch-bue.infd.edu.ar\/sitio\/wp-json\/wp\/v2\/pages\/1143\/revisions"}],"predecessor-version":[{"id":2437,"href":"https:\/\/ecch-bue.infd.edu.ar\/sitio\/wp-json\/wp\/v2\/pages\/1143\/revisions\/2437"}],"wp:attachment":[{"href":"https:\/\/ecch-bue.infd.edu.ar\/sitio\/wp-json\/wp\/v2\/media?parent=1143"}],"curies":[{"name":"wp","href":"https:\/\/api.w.org\/{rel}","templated":true}]}}