{"id":758,"date":"2018-06-28T01:17:38","date_gmt":"2018-06-28T04:17:38","guid":{"rendered":"https:\/\/ecch-bue.infd.edu.ar\/sitio\/historia\/"},"modified":"2025-10-08T18:14:31","modified_gmt":"2025-10-08T21:14:31","slug":"historia","status":"publish","type":"page","link":"https:\/\/ecch-bue.infd.edu.ar\/sitio\/historia\/","title":{"rendered":"Historia"},"content":{"rendered":"<p><span style=\"color: #333333; font-family: arial, helvetica, sans-serif; font-size: 12pt;\">La Escuela de Cer\u00e1mica de Chascom\u00fas fue fundado en el a\u00f1o 1968 \u00a0y depende de la Direcci\u00f3n Generla de Cultura y Educaci\u00f3n, la Subsecretar\u00eda de Educaci\u00f3n y la Direcci\u00f3n de Educaci\u00f3n Art\u00edstica. Otorga t\u00edtulos \u00a0oficiales con validez nacional. Esto hace que el alumno pueda desarrollarse laboralmente en distintos \u00e1mbitos tanto educativos formales como no formales y sociales. <\/span><\/p>\n<p><span style=\"color: #333333; font-family: arial, helvetica, sans-serif; font-size: 12pt;\">Cuenta con 57 a\u00f1os de trayectoria en los cuales ha crecido convirti\u00e9ndose en una fuerte instituci\u00f3n con un cuerpo de directivos y docentes especializados que forman egresados con fuertes valores art\u00edsticos y educativos.\u00a0<\/span><\/p>\n<p>El espacio f\u00edsico de la Escuela de Cer\u00e1mica Chascom\u00fas ha funcionado en diferentes edificios hasta el a\u00f1o 2001. A partir de esa fecha, la Directora Prof. Mar\u00eda Laura Rost, gestiona la sede donde funciona actualmente, contando con el apoyo de toda la comunidad educativa.<\/p>\n<p>Sus instalaciones conforman un conjunto de condiciones que han afectado favorablemente la \u00a0vida institucional y la calidad de los procesos de ense\u00f1anza y aprendizaje. El edificio propio ha permitido desarrollar v\u00ednculos de cooperaci\u00f3n ,de comunicaci\u00f3n, de pertenencia de manera significativa.<\/p>\n<p>A lo largo de estos \u00faltimos a\u00f1os el esfuerzo de los directivos, docentes y alumnos ha permitido abordar las necesidades de construcci\u00f3n de nuevos hornos, instalaci\u00f3n de los existentes, adquisici\u00f3n de materiales tecnol\u00f3gicos para los distintos talleres comprometidos con proyectos que generen nuevas posibilidades.<\/p>\n<p>Es as\u00ed como La Escuela de Cer\u00e1mica brinda a sus alumnos todas las comodidades, herramientas y tecnolog\u00eda para una s\u00f3lida formaci\u00f3n.<\/p>\n","protected":false},"excerpt":{"rendered":"<p>La Escuela de Cer\u00e1mica de Chascom\u00fas fue fundado en el a\u00f1o 1968 \u00a0y depende de la Direcci\u00f3n Generla de Cultura y Educaci\u00f3n, la Subsecretar\u00eda de Educaci\u00f3n y la Direcci\u00f3n de Educaci\u00f3n Art\u00edstica. Otorga t\u00edtulos \u00a0oficiales con validez nacional. Esto hace que el alumno pueda desarrollarse laboralmente en distintos \u00e1mbitos tanto educativos formales como no formales &#8230; <a title=\"Historia\" class=\"read-more\" href=\"https:\/\/ecch-bue.infd.edu.ar\/sitio\/historia\/\" aria-label=\"More on Historia\">[+]<\/a><\/p>\n","protected":false},"author":24,"featured_media":0,"parent":0,"menu_order":0,"comment_status":"closed","ping_status":"closed","template":"","meta":[],"acf":[],"_links":{"self":[{"href":"https:\/\/ecch-bue.infd.edu.ar\/sitio\/wp-json\/wp\/v2\/pages\/758"}],"collection":[{"href":"https:\/\/ecch-bue.infd.edu.ar\/sitio\/wp-json\/wp\/v2\/pages"}],"about":[{"href":"https:\/\/ecch-bue.infd.edu.ar\/sitio\/wp-json\/wp\/v2\/types\/page"}],"author":[{"embeddable":true,"href":"https:\/\/ecch-bue.infd.edu.ar\/sitio\/wp-json\/wp\/v2\/users\/24"}],"replies":[{"embeddable":true,"href":"https:\/\/ecch-bue.infd.edu.ar\/sitio\/wp-json\/wp\/v2\/comments?post=758"}],"version-history":[{"count":4,"href":"https:\/\/ecch-bue.infd.edu.ar\/sitio\/wp-json\/wp\/v2\/pages\/758\/revisions"}],"predecessor-version":[{"id":2403,"href":"https:\/\/ecch-bue.infd.edu.ar\/sitio\/wp-json\/wp\/v2\/pages\/758\/revisions\/2403"}],"wp:attachment":[{"href":"https:\/\/ecch-bue.infd.edu.ar\/sitio\/wp-json\/wp\/v2\/media?parent=758"}],"curies":[{"name":"wp","href":"https:\/\/api.w.org\/{rel}","templated":true}]}}