{"id":761,"date":"2018-06-28T01:17:39","date_gmt":"2018-06-28T04:17:39","guid":{"rendered":"https:\/\/ecch-bue.infd.edu.ar\/sitio\/ubicacion\/"},"modified":"2024-12-27T09:59:12","modified_gmt":"2024-12-27T12:59:12","slug":"ubicacion","status":"publish","type":"page","link":"https:\/\/ecch-bue.infd.edu.ar\/sitio\/ubicacion\/","title":{"rendered":"Ubicaci\u00f3n"},"content":{"rendered":"<p><span style=\"font-size: 10pt;\">La Escuela de Cer\u00e1mica de Chascom\u00fas est\u00e1 situada en Avenida Presidente Ra\u00fal Alfons\u00edn Nro 458, frente al Hospital Municipal y a cuadras de la Laguna<\/span><\/p>\n<p><iframe loading=\"lazy\" style=\"border: 0;\" src=\"https:\/\/www.google.com\/maps\/embed?pb=!1m18!1m12!1m3!1d3245.058099081613!2d-58.01003948430263!3d-35.576957780218784!2m3!1f0!2f0!3f0!3m2!1i1024!2i768!4f13.1!3m3!1m2!1s0x95980d5550b239a3%3A0xe3062e0ef4ca4a48!2sISFA+-+Escuela+de+Cer%C3%A1mica+de+Chascom%C3%BAs!5e0!3m2!1ses!2sar!4v1458584552004&amp;wmode=transparent\" width=\"800\" height=\"450\" frameborder=\"0\" allowfullscreen=\"allowfullscreen\"><\/iframe><\/p>\n","protected":false},"excerpt":{"rendered":"<p>La Escuela de Cer\u00e1mica de Chascom\u00fas est\u00e1 situada en Avenida Presidente Ra\u00fal Alfons\u00edn Nro 458, frente al Hospital Municipal y a cuadras de la Laguna<\/p>\n","protected":false},"author":24,"featured_media":0,"parent":0,"menu_order":0,"comment_status":"closed","ping_status":"closed","template":"","meta":[],"acf":[],"_links":{"self":[{"href":"https:\/\/ecch-bue.infd.edu.ar\/sitio\/wp-json\/wp\/v2\/pages\/761"}],"collection":[{"href":"https:\/\/ecch-bue.infd.edu.ar\/sitio\/wp-json\/wp\/v2\/pages"}],"about":[{"href":"https:\/\/ecch-bue.infd.edu.ar\/sitio\/wp-json\/wp\/v2\/types\/page"}],"author":[{"embeddable":true,"href":"https:\/\/ecch-bue.infd.edu.ar\/sitio\/wp-json\/wp\/v2\/users\/24"}],"replies":[{"embeddable":true,"href":"https:\/\/ecch-bue.infd.edu.ar\/sitio\/wp-json\/wp\/v2\/comments?post=761"}],"version-history":[{"count":6,"href":"https:\/\/ecch-bue.infd.edu.ar\/sitio\/wp-json\/wp\/v2\/pages\/761\/revisions"}],"predecessor-version":[{"id":2261,"href":"https:\/\/ecch-bue.infd.edu.ar\/sitio\/wp-json\/wp\/v2\/pages\/761\/revisions\/2261"}],"wp:attachment":[{"href":"https:\/\/ecch-bue.infd.edu.ar\/sitio\/wp-json\/wp\/v2\/media?parent=761"}],"curies":[{"name":"wp","href":"https:\/\/api.w.org\/{rel}","templated":true}]}}