{"id":836,"date":"2018-08-01T20:31:32","date_gmt":"2018-08-01T23:31:32","guid":{"rendered":"https:\/\/ecch-bue.infd.edu.ar\/sitio\/?page_id=836"},"modified":"2021-04-07T13:22:31","modified_gmt":"2021-04-07T16:22:31","slug":"plan-de-estudios-tdg","status":"publish","type":"page","link":"https:\/\/ecch-bue.infd.edu.ar\/sitio\/plan-de-estudios-tdg\/","title":{"rendered":"Plan de Estudios Tecnicatura en Dise\u00f1o Gr\u00e1fico"},"content":{"rendered":"<p style=\"text-align: center;\"><span style=\"color: #ff6600; font-size: 14pt;\"><strong><span style=\"font-family: tahoma, arial, helvetica, sans-serif;\">Tecnicatura en Dise\u00f1o Gr\u00e1fico<\/span><\/strong><\/span><\/p>\n<p style=\"text-align: left;\">La carrera trabaja desde su creaci\u00f3n con la meta del cambio y la adaptaci\u00f3n constante a las demandas socioculturales de comunicaci\u00f3n visual, nutri\u00e9ndose de los principales avances tecnol\u00f3gicos.<br \/>\nLa carrera de Dise\u00f1o Gr\u00e1fico forma profesionales con aptitud comunicacional y actitud \u00e9tica socialmente responsable.<br \/>\nEl egresado de la carrera Dise\u00f1o Gr\u00e1fico estar\u00e1 habilitado para desempe\u00f1arse en una multiplicidad de proyectos de comunicaci\u00f3n visual como profesional independiente; en estudios de dise\u00f1o gr\u00e1fico; agencias de publicidad; editoriales; estudios de dise\u00f1os integrales; o en empresas que tengan departamentos afines, tanto en forma individual como en equipos interdisciplinarios.<\/p>\n<p>Puede descargar el Plan de materias y sus correlatividades en: <a href=\"https:\/\/ecch-bue.infd.edu.ar\/sitio\/wp-content\/uploads\/2021\/04\/CORRELATIVAS_Disen\u0303oGra\u0301fico_ecch.pdf\">CORRELATIVAS_Disen\u0303oGra\u0301fico_ecch<\/a><\/p>\n<table width=\"523\">\n<tbody>\n<tr>\n<td width=\"70\"><strong>A\u00f1o<\/strong><\/td>\n<td width=\"179\"><strong>Espacio Curricular<\/strong><\/td>\n<td width=\"274\"><strong>Requisitos para cursar (acreditados al comienzo del ciclo lectivo o en condiciones de compensar hasta julio-agosto, por ser correlativos)<\/strong><\/td>\n<\/tr>\n<tr>\n<td><\/td>\n<td width=\"179\"><\/td>\n<td width=\"274\"><\/td>\n<\/tr>\n<tr>\n<td rowspan=\"9\" width=\"70\"><strong>1\u00ba a\u00f1o<\/strong><\/td>\n<td width=\"179\">Taller de dise\u00f1o I<\/td>\n<td width=\"274\"><\/td>\n<\/tr>\n<tr>\n<td width=\"179\">Tipograf\u00eda I<\/td>\n<td width=\"274\"><\/td>\n<\/tr>\n<tr>\n<td width=\"179\">Gr\u00e1fica asistida por computadora I<\/td>\n<td width=\"274\"><\/td>\n<\/tr>\n<tr>\n<td width=\"179\">Dibujo I<\/td>\n<td width=\"274\"><\/td>\n<\/tr>\n<tr>\n<td width=\"179\">Percepci\u00f3n visual<\/td>\n<td width=\"274\">FOBA completo<\/td>\n<\/tr>\n<tr>\n<td width=\"179\">Taller de texto<\/td>\n<td width=\"274\"><\/td>\n<\/tr>\n<tr>\n<td width=\"179\">Historia del arte y el dise\u00f1o<\/td>\n<td width=\"274\"><\/td>\n<\/tr>\n<tr>\n<td width=\"179\">Comunicaci\u00f3n<\/td>\n<td width=\"274\"><\/td>\n<\/tr>\n<tr>\n<td width=\"179\">Espacio institucional (morfolog\u00eda y t\u00e9cnicas de representaci\u00f3n)<\/td>\n<td width=\"274\"><\/td>\n<\/tr>\n<tr>\n<td><\/td>\n<td width=\"179\"><\/td>\n<td width=\"274\"><\/td>\n<\/tr>\n<tr>\n<td rowspan=\"8\" width=\"70\"><strong>2\u00ba a\u00f1o<\/strong><\/td>\n<td width=\"179\">Taller de dise\u00f1o II<\/td>\n<td width=\"274\">Taller de dise\u00f1o I. Tipograf\u00eda I. Gr\u00e1fica asistida por computadora I<\/td>\n<\/tr>\n<tr>\n<td width=\"179\">Tipograf\u00eda II<\/td>\n<td width=\"274\">Tipograf\u00eda I<\/td>\n<\/tr>\n<tr>\n<td width=\"179\">Gr\u00e1fica asistida por computadora II<\/td>\n<td width=\"274\">Gr\u00e1fica asistida por computadora I.<\/td>\n<\/tr>\n<tr>\n<td width=\"179\">Tecnolog\u00eda I<\/td>\n<td width=\"274\">Gr\u00e1fica asistida por computadora I.<\/td>\n<\/tr>\n<tr>\n<td width=\"179\">Semiolog\u00eda de la imagen<\/td>\n<td width=\"274\">Percepci\u00f3n visual. Taller de texto<\/td>\n<\/tr>\n<tr>\n<td width=\"179\">Historia del dise\u00f1o<\/td>\n<td width=\"274\">Historia del arte y el dise\u00f1o<\/td>\n<\/tr>\n<tr>\n<td width=\"179\">Organizaci\u00f3n de las instituciones<\/td>\n<td width=\"274\"><\/td>\n<\/tr>\n<tr>\n<td width=\"179\">Espacio institucional 2\u00ba (Dibujo II)<\/td>\n<td width=\"274\"><\/td>\n<\/tr>\n<tr>\n<td><\/td>\n<td width=\"179\"><\/td>\n<td width=\"274\"><\/td>\n<\/tr>\n<tr>\n<td rowspan=\"7\" width=\"70\"><strong>3\u00ba a\u00f1o<\/strong><\/td>\n<td width=\"179\">Taller de dise\u00f1o III y proyecto integrado<\/td>\n<td width=\"274\">Taller de dise\u00f1o II. Tipograf\u00eda II. Gr\u00e1fica asistida por computadora II. Tecnolog\u00eda I. Semiolog\u00eda de la imagen<\/td>\n<\/tr>\n<tr>\n<td width=\"179\">Taller de multimedia<\/td>\n<td width=\"274\">Taller de dise\u00f1o II. Gr\u00e1fica asistida por computadora II. Tecnolog\u00eda I. Semiolog\u00eda de la imagen<\/td>\n<\/tr>\n<tr>\n<td width=\"179\">Fotograf\u00eda<\/td>\n<td width=\"274\">Gr\u00e1fica asistida por computadora II. Tecnolog\u00eda I. Semiolog\u00eda de la imagen<\/td>\n<\/tr>\n<tr>\n<td width=\"179\">Tecnolog\u00eda II<\/td>\n<td width=\"274\">Tecnolog\u00eda I. Gr\u00e1fica asistida por computadora I<\/td>\n<\/tr>\n<tr>\n<td width=\"179\">Sociolog\u00eda de la comunicaci\u00f3n<\/td>\n<td width=\"274\">Semiolog\u00eda de la imagen<\/td>\n<\/tr>\n<tr>\n<td width=\"179\">\u00c9tica y legislaci\u00f3n<\/td>\n<td width=\"274\">Taller de dise\u00f1o I<\/td>\n<\/tr>\n<tr>\n<td width=\"179\">Espacio institucional 3\u00ba (Dibujo t\u00e9cnico y dise\u00f1o tridimensional)<\/td>\n<td width=\"274\"><\/td>\n<\/tr>\n<tr>\n<td><\/td>\n<td width=\"179\"><\/td>\n<td width=\"274\"><\/td>\n<\/tr>\n<tr>\n<td rowspan=\"5\" width=\"70\"><strong>4\u00ba a\u00f1o<\/strong><\/td>\n<td width=\"179\">Dise\u00f1o institucional<\/td>\n<td width=\"274\">Taller de dise\u00f1o III y proyecto integrado. Tecnolog\u00eda II. Sociolog\u00eda de la comunicaci\u00f3n. \u00c9tica y legislaci\u00f3n. Historia del dise\u00f1o<\/td>\n<\/tr>\n<tr>\n<td width=\"179\">Dise\u00f1o de la informaci\u00f3n<\/td>\n<td width=\"274\">Taller de dise\u00f1o III y proyecto integrado. Fotograf\u00eda. Tecnolog\u00eda II. Sociolog\u00eda de la comunicaci\u00f3n. \u00c9tica y legislaci\u00f3n. Historia del dise\u00f1o<\/td>\n<\/tr>\n<tr>\n<td width=\"179\">Dise\u00f1o de medios<\/td>\n<td width=\"274\">Taller de dise\u00f1o III y proyecto integrado. Taller de multimedia. Fotograf\u00eda. Tecnolog\u00eda II. Sociolog\u00eda de la comunicaci\u00f3n. \u00c9tica y legislaci\u00f3n. Historia del dise\u00f1o<\/td>\n<\/tr>\n<tr>\n<td width=\"179\">Arte, cultura y est\u00e9tica del mundo contempor\u00e1neo<\/td>\n<td width=\"274\">Sociolog\u00eda de la comunicaci\u00f3n. Historia del dise\u00f1o<\/td>\n<\/tr>\n<tr>\n<td width=\"179\">Espacio institucional 4\u00ba (Principios del Marketing y Pakaging)<\/td>\n<td width=\"274\"><\/td>\n<\/tr>\n<\/tbody>\n<\/table>\n<p>T\u00edtulo Intermedio:\u00a0<strong>T\u00e9cnico en Dise\u00f1o Gr\u00e1fico<\/strong><\/p>\n<p><strong>T\u00edtulo: \u00a0Dise\u00f1ador Gr\u00e1fico<\/strong><\/p>\n<p>&nbsp;<\/p>\n","protected":false},"excerpt":{"rendered":"<p>Tecnicatura en Dise\u00f1o Gr\u00e1fico La carrera trabaja desde su creaci\u00f3n con la meta del cambio y la adaptaci\u00f3n constante a las demandas socioculturales de comunicaci\u00f3n visual, nutri\u00e9ndose de los principales avances tecnol\u00f3gicos. La carrera de Dise\u00f1o Gr\u00e1fico forma profesionales con aptitud comunicacional y actitud \u00e9tica socialmente responsable. El egresado de la carrera Dise\u00f1o Gr\u00e1fico estar\u00e1 &#8230; <a title=\"Plan de Estudios Tecnicatura en Dise\u00f1o Gr\u00e1fico\" class=\"read-more\" href=\"https:\/\/ecch-bue.infd.edu.ar\/sitio\/plan-de-estudios-tdg\/\" aria-label=\"More on Plan de Estudios Tecnicatura en Dise\u00f1o Gr\u00e1fico\">[+]<\/a><\/p>\n","protected":false},"author":27,"featured_media":0,"parent":0,"menu_order":0,"comment_status":"closed","ping_status":"closed","template":"","meta":[],"acf":[],"_links":{"self":[{"href":"https:\/\/ecch-bue.infd.edu.ar\/sitio\/wp-json\/wp\/v2\/pages\/836"}],"collection":[{"href":"https:\/\/ecch-bue.infd.edu.ar\/sitio\/wp-json\/wp\/v2\/pages"}],"about":[{"href":"https:\/\/ecch-bue.infd.edu.ar\/sitio\/wp-json\/wp\/v2\/types\/page"}],"author":[{"embeddable":true,"href":"https:\/\/ecch-bue.infd.edu.ar\/sitio\/wp-json\/wp\/v2\/users\/27"}],"replies":[{"embeddable":true,"href":"https:\/\/ecch-bue.infd.edu.ar\/sitio\/wp-json\/wp\/v2\/comments?post=836"}],"version-history":[{"count":7,"href":"https:\/\/ecch-bue.infd.edu.ar\/sitio\/wp-json\/wp\/v2\/pages\/836\/revisions"}],"predecessor-version":[{"id":1296,"href":"https:\/\/ecch-bue.infd.edu.ar\/sitio\/wp-json\/wp\/v2\/pages\/836\/revisions\/1296"}],"wp:attachment":[{"href":"https:\/\/ecch-bue.infd.edu.ar\/sitio\/wp-json\/wp\/v2\/media?parent=836"}],"curies":[{"name":"wp","href":"https:\/\/api.w.org\/{rel}","templated":true}]}}